{"id":1590,"date":"2024-05-22T06:10:40","date_gmt":"2024-05-22T06:10:40","guid":{"rendered":"https:\/\/locallogic.co\/case-studies\/"},"modified":"2024-08-28T14:32:53","modified_gmt":"2024-08-28T14:32:53","slug":"etudes-de-cas","status":"publish","type":"page","link":"https:\/\/locallogic.co\/fr\/etudes-de-cas\/","title":{"rendered":"\u00c9tudes de cas"},"content":{"rendered":"","protected":false},"excerpt":{"rendered":"","protected":false},"author":2,"featured_media":0,"parent":0,"menu_order":0,"comment_status":"closed","ping_status":"closed","template":"","meta":{"_acf_changed":false,"footnotes":""},"class_list":["post-1590","page","type-page","status-publish","hentry"],"acf":[],"yoast_head":"<!-- This site is optimized with the Yoast SEO plugin v27.3 - https:\/\/yoast.com\/product\/yoast-seo-wordpress\/ -->\n<title>\u00c9tudes de cas | Intelligence G\u00e9ospatiale | Local Logic<\/title>\n<meta name=\"description\" content=\"Lisez nos \u00e9tudes de cas pour mieux comprendre comment le secteur immobilier utilise nos donn\u00e9es de localisation.\" \/>\n<meta name=\"robots\" content=\"index, follow, max-snippet:-1, max-image-preview:large, max-video-preview:-1\" \/>\n<link rel=\"canonical\" href=\"https:\/\/locallogic.co\/fr\/etudes-de-cas\/\" \/>\n<meta property=\"og:locale\" content=\"fr_FR\" \/>\n<meta property=\"og:type\" content=\"article\" \/>\n<meta property=\"og:title\" content=\"\u00c9tudes de cas | Intelligence G\u00e9ospatiale | Local Logic\" \/>\n<meta property=\"og:description\" content=\"Lisez nos \u00e9tudes de cas pour mieux comprendre comment le secteur immobilier utilise nos donn\u00e9es de localisation.\" \/>\n<meta property=\"og:url\" content=\"https:\/\/locallogic.co\/fr\/wp-json\/wp\/v2\/pages\/1590\" \/>\n<meta property=\"og:site_name\" content=\"Local Logic\" \/>\n<meta property=\"article:publisher\" content=\"https:\/\/www.facebook.com\/locallogic\" \/>\n<meta property=\"article:modified_time\" content=\"2024-08-28T14:32:53+00:00\" \/>\n<meta property=\"og:image\" content=\"https:\/\/locallogic.co\/wp-content\/uploads\/2024\/08\/Website-fallback.png\" \/>\n\t<meta property=\"og:image:width\" content=\"1200\" \/>\n\t<meta property=\"og:image:height\" content=\"675\" \/>\n\t<meta property=\"og:image:type\" content=\"image\/png\" \/>\n<meta name=\"twitter:card\" content=\"summary_large_image\" \/>\n<meta name=\"twitter:site\" content=\"@local_logic\" \/>\n<script type=\"application\/ld+json\" class=\"yoast-schema-graph\">{\"@context\":\"https:\\\/\\\/schema.org\",\"@graph\":[{\"@type\":\"WebPage\",\"@id\":\"https:\\\/\\\/locallogic.co\\\/fr\\\/etudes-de-cas\\\/\",\"url\":\"https:\\\/\\\/locallogic.co\\\/fr\\\/etudes-de-cas\\\/\",\"name\":\"\u00c9tudes de cas | Intelligence G\u00e9ospatiale | Local Logic\",\"isPartOf\":{\"@id\":\"https:\\\/\\\/locallogic.co\\\/fr\\\/#website\"},\"datePublished\":\"2024-05-22T06:10:40+00:00\",\"dateModified\":\"2024-08-28T14:32:53+00:00\",\"description\":\"Lisez nos \u00e9tudes de cas pour mieux comprendre comment le secteur immobilier utilise nos donn\u00e9es de localisation.\",\"breadcrumb\":{\"@id\":\"https:\\\/\\\/locallogic.co\\\/fr\\\/etudes-de-cas\\\/#breadcrumb\"},\"inLanguage\":\"fr-FR\",\"potentialAction\":[{\"@type\":\"ReadAction\",\"target\":[\"https:\\\/\\\/locallogic.co\\\/fr\\\/etudes-de-cas\\\/\"]}]},{\"@type\":\"BreadcrumbList\",\"@id\":\"https:\\\/\\\/locallogic.co\\\/fr\\\/etudes-de-cas\\\/#breadcrumb\",\"itemListElement\":[{\"@type\":\"ListItem\",\"position\":1,\"name\":\"Home\",\"item\":\"https:\\\/\\\/locallogic.co\\\/fr\\\/\"},{\"@type\":\"ListItem\",\"position\":2,\"name\":\"\u00c9tudes de cas\"}]},{\"@type\":\"WebSite\",\"@id\":\"https:\\\/\\\/locallogic.co\\\/fr\\\/#website\",\"url\":\"https:\\\/\\\/locallogic.co\\\/fr\\\/\",\"name\":\"Local Logic\",\"description\":\"Location intelligence that improves real estate decisions.\",\"publisher\":{\"@id\":\"https:\\\/\\\/locallogic.co\\\/fr\\\/#organization\"},\"potentialAction\":[{\"@type\":\"SearchAction\",\"target\":{\"@type\":\"EntryPoint\",\"urlTemplate\":\"https:\\\/\\\/locallogic.co\\\/fr\\\/?s={search_term_string}\"},\"query-input\":{\"@type\":\"PropertyValueSpecification\",\"valueRequired\":true,\"valueName\":\"search_term_string\"}}],\"inLanguage\":\"fr-FR\"},{\"@type\":\"Organization\",\"@id\":\"https:\\\/\\\/locallogic.co\\\/fr\\\/#organization\",\"name\":\"Local Logic\",\"url\":\"https:\\\/\\\/locallogic.co\\\/fr\\\/\",\"logo\":{\"@type\":\"ImageObject\",\"inLanguage\":\"fr-FR\",\"@id\":\"https:\\\/\\\/locallogic.co\\\/fr\\\/#\\\/schema\\\/logo\\\/image\\\/\",\"url\":\"https:\\\/\\\/locallogic.co\\\/wp-content\\\/uploads\\\/2024\\\/06\\\/cropped-local-logic-favicon-512.png\",\"contentUrl\":\"https:\\\/\\\/locallogic.co\\\/wp-content\\\/uploads\\\/2024\\\/06\\\/cropped-local-logic-favicon-512.png\",\"width\":512,\"height\":512,\"caption\":\"Local Logic\"},\"image\":{\"@id\":\"https:\\\/\\\/locallogic.co\\\/fr\\\/#\\\/schema\\\/logo\\\/image\\\/\"},\"sameAs\":[\"https:\\\/\\\/www.facebook.com\\\/locallogic\",\"https:\\\/\\\/x.com\\\/local_logic\",\"https:\\\/\\\/www.linkedin.com\\\/company\\\/local-logic-inc-\\\/\",\"https:\\\/\\\/www.youtube.com\\\/channel\\\/UCY0xlqEgqDbQq8X2nfshn9w\"]}]}<\/script>\n<!-- \/ Yoast SEO plugin. -->","yoast_head_json":{"title":"\u00c9tudes de cas | Intelligence G\u00e9ospatiale | Local Logic","description":"Lisez nos \u00e9tudes de cas pour mieux comprendre comment le secteur immobilier utilise nos donn\u00e9es de localisation.","robots":{"index":"index","follow":"follow","max-snippet":"max-snippet:-1","max-image-preview":"max-image-preview:large","max-video-preview":"max-video-preview:-1"},"canonical":"https:\/\/locallogic.co\/fr\/etudes-de-cas\/","og_locale":"fr_FR","og_type":"article","og_title":"\u00c9tudes de cas | Intelligence G\u00e9ospatiale | Local Logic","og_description":"Lisez nos \u00e9tudes de cas pour mieux comprendre comment le secteur immobilier utilise nos donn\u00e9es de localisation.","og_url":"https:\/\/locallogic.co\/fr\/wp-json\/wp\/v2\/pages\/1590","og_site_name":"Local Logic","article_publisher":"https:\/\/www.facebook.com\/locallogic","article_modified_time":"2024-08-28T14:32:53+00:00","og_image":[{"width":1200,"height":675,"url":"https:\/\/locallogic.co\/wp-content\/uploads\/2024\/08\/Website-fallback.png","type":"image\/png"}],"twitter_card":"summary_large_image","twitter_site":"@local_logic","schema":{"@context":"https:\/\/schema.org","@graph":[{"@type":"WebPage","@id":"https:\/\/locallogic.co\/fr\/etudes-de-cas\/","url":"https:\/\/locallogic.co\/fr\/etudes-de-cas\/","name":"\u00c9tudes de cas | Intelligence G\u00e9ospatiale | Local Logic","isPartOf":{"@id":"https:\/\/locallogic.co\/fr\/#website"},"datePublished":"2024-05-22T06:10:40+00:00","dateModified":"2024-08-28T14:32:53+00:00","description":"Lisez nos \u00e9tudes de cas pour mieux comprendre comment le secteur immobilier utilise nos donn\u00e9es de localisation.","breadcrumb":{"@id":"https:\/\/locallogic.co\/fr\/etudes-de-cas\/#breadcrumb"},"inLanguage":"fr-FR","potentialAction":[{"@type":"ReadAction","target":["https:\/\/locallogic.co\/fr\/etudes-de-cas\/"]}]},{"@type":"BreadcrumbList","@id":"https:\/\/locallogic.co\/fr\/etudes-de-cas\/#breadcrumb","itemListElement":[{"@type":"ListItem","position":1,"name":"Home","item":"https:\/\/locallogic.co\/fr\/"},{"@type":"ListItem","position":2,"name":"\u00c9tudes de cas"}]},{"@type":"WebSite","@id":"https:\/\/locallogic.co\/fr\/#website","url":"https:\/\/locallogic.co\/fr\/","name":"Local Logic","description":"Location intelligence that improves real estate decisions.","publisher":{"@id":"https:\/\/locallogic.co\/fr\/#organization"},"potentialAction":[{"@type":"SearchAction","target":{"@type":"EntryPoint","urlTemplate":"https:\/\/locallogic.co\/fr\/?s={search_term_string}"},"query-input":{"@type":"PropertyValueSpecification","valueRequired":true,"valueName":"search_term_string"}}],"inLanguage":"fr-FR"},{"@type":"Organization","@id":"https:\/\/locallogic.co\/fr\/#organization","name":"Local Logic","url":"https:\/\/locallogic.co\/fr\/","logo":{"@type":"ImageObject","inLanguage":"fr-FR","@id":"https:\/\/locallogic.co\/fr\/#\/schema\/logo\/image\/","url":"https:\/\/locallogic.co\/wp-content\/uploads\/2024\/06\/cropped-local-logic-favicon-512.png","contentUrl":"https:\/\/locallogic.co\/wp-content\/uploads\/2024\/06\/cropped-local-logic-favicon-512.png","width":512,"height":512,"caption":"Local Logic"},"image":{"@id":"https:\/\/locallogic.co\/fr\/#\/schema\/logo\/image\/"},"sameAs":["https:\/\/www.facebook.com\/locallogic","https:\/\/x.com\/local_logic","https:\/\/www.linkedin.com\/company\/local-logic-inc-\/","https:\/\/www.youtube.com\/channel\/UCY0xlqEgqDbQq8X2nfshn9w"]}]}},"_links":{"self":[{"href":"https:\/\/locallogic.co\/fr\/wp-json\/wp\/v2\/pages\/1590","targetHints":{"allow":["GET"]}}],"collection":[{"href":"https:\/\/locallogic.co\/fr\/wp-json\/wp\/v2\/pages"}],"about":[{"href":"https:\/\/locallogic.co\/fr\/wp-json\/wp\/v2\/types\/page"}],"author":[{"embeddable":true,"href":"https:\/\/locallogic.co\/fr\/wp-json\/wp\/v2\/users\/2"}],"replies":[{"embeddable":true,"href":"https:\/\/locallogic.co\/fr\/wp-json\/wp\/v2\/comments?post=1590"}],"version-history":[{"count":0,"href":"https:\/\/locallogic.co\/fr\/wp-json\/wp\/v2\/pages\/1590\/revisions"}],"wp:attachment":[{"href":"https:\/\/locallogic.co\/fr\/wp-json\/wp\/v2\/media?parent=1590"}],"curies":[{"name":"wp","href":"https:\/\/api.w.org\/{rel}","templated":true}]}}