{"id":5312,"date":"2025-06-02T03:09:10","date_gmt":"2025-06-02T07:09:10","guid":{"rendered":"https:\/\/locallogic.co\/data\/"},"modified":"2025-08-20T13:02:57","modified_gmt":"2025-08-20T17:02:57","slug":"data","status":"publish","type":"page","link":"https:\/\/locallogic.co\/fr\/data\/","title":{"rendered":"Home Data &#8211; FR"},"content":{"rendered":"<h1>Testing display of HTML elements<\/h1>\n<h2>This is 2nd level heading<\/h2>\n<p>This is a test paragraph.<\/p>\n<h3>This is 3rd level heading<\/h3>\n<p>This is a test paragraph.<\/p>\n<h4>This is 4th level heading<\/h4>\n<p>This is a test paragraph.<\/p>\n<h5>This is 5th level heading<\/h5>\n<p>This is a test paragraph.<\/p>\n<h6>This is 6th level heading<\/h6>\n<p>This is a test paragraph.<\/p>\n<h2>Basic block level elements<\/h2>\n<p>This is a normal paragraph (<code>p<\/code> element). To add some length to it, let us mention that this page was primarily written for testing the effect of <strong>user style sheets<\/strong>. You can use it for various other purposes as well, like just checking how your browser displays various HTML elements by default. It can also be useful when testing conversions from HTML format to other formats, since some elements can go wrong then.<\/p>\n<p>This is another paragraph. I think it needs to be added that the set of elements tested is not exhaustive in any sense. I have selected those elements for which it can make sense to write user style sheet rules, in my opionion.<\/p>\n<div>This is a <code>div<\/code> element. Authors may use such elements instead of paragraph markup for various reasons. (End of <code>div<\/code>.)<\/div>\n<blockquote><p>This is a block quotation containing a single paragraph. Well, not quite, since this is not <em>really<\/em> quoted text, but I hope you understand the point. After all, this page does not use HTML markup very normally anyway.<\/p><\/blockquote>\n<p>The following contains address information about the author, in an <code>address<\/code> element.<\/p>\n<address><a lang=\"fi\" href=\"..\/personal.html\" hreflang=\"en\">Jukka Korpela<\/a>, <a href=\"mailto:jkorpela@cs.tut.fi\">jkorpela@cs.tut.fi<\/a><br \/>\nP\u00e4iv\u00e4ns\u00e4teenkuja 4 A, Espoo, Finland<\/address>\n<h2>Lists<\/h2>\n<p>This is a paragraph before an <strong>unnumbered<\/strong> list (<code>ul<\/code>). Note that the spacing between a paragraph and a list before or after that is hard to tune in a user style sheet. You can&rsquo;t guess which paragraphs are logically related to a list, e.g. as a \u00ab\u00a0list header\u00a0\u00bb.<\/p>\n<ul>\n<li>One.<\/li>\n<li>Two.<\/li>\n<li>Three. Well, probably this list item should be longer. Note that for short items lists look better if they are compactly presented, whereas for long items, it would be better to have more vertical spacing between items.<\/li>\n<li>Four. This is the last item in this list. Let us terminate the list now without making any more fuss about it.<\/li>\n<\/ul>\n<p>The following is a <code>menu<\/code> list:<\/p>\n<menu>\n<li>One.<\/li>\n<li>Two.<\/li>\n<li>Three. Well, probably this list item should be longer so that it will probably wrap to the next line in rendering.<\/li>\n<\/menu>\n<p>The following is a <code>dir<\/code> list:<\/p>\n<p>&nbsp;<\/p>\n<ul>\n<li>One.<\/li>\n<li>Two.<\/li>\n<li>Three. Well, probably this list item should be longer so that it will probably wrap to the next line in rendering.<\/li>\n<\/ul>\n<p>&nbsp;<\/p>\n<p>This is a paragraph before a <strong>numbered<\/strong> list (<code>ol<\/code>). Note that the spacing between a paragraph and a list before or after that is hard to tune in a user style sheet. You can&rsquo;t guess which paragraphs are logically related to a list, e.g. as a \u00ab\u00a0list header\u00a0\u00bb.<\/p>\n<ol>\n<li>One.<\/li>\n<li>Two.<\/li>\n<li>Three. Well, probably this list item should be longer. Note that if items are short, lists look better if they are compactly presented, whereas for long items, it would be better to have more vertical spacing between items.<\/li>\n<li>Four. This is the last item in this list. Let us terminate the list now without making any more fuss about it.<\/li>\n<\/ol>\n<p>This is a paragraph before a <strong>definition<\/strong> list (<code>dl<\/code>). In principle, such a list should consist of <em>terms<\/em> and associated definitions. But many authors use <code>dl<\/code> elements for fancy \u00ab\u00a0layout\u00a0\u00bb things. Usually the effect is not <em>too<\/em> bad, if you design user style sheet rules for <code>dl<\/code> which are suitable for real definition lists.<\/p>\n<dl>\n<dt>recursion<\/dt>\n<dd>see recursion<\/dd>\n<dt>recursion, indirect<\/dt>\n<dd>see indirect recursion<\/dd>\n<dt>indirect recursion<\/dt>\n<dd>see recursion, indirect<\/dd>\n<dt>term<\/dt>\n<dd>a word or other expression taken into specific use in a well-defined meaning, which is often defined rather rigorously, even formally, and may differ quite a lot from an everyday meaning<\/dd>\n<\/dl>\n<h2>Links<\/h2>\n<p><a href=\"#\">basic link<\/a><br \/>\n<a class=\"btn\" href=\"#\">basic link button<\/a><\/p>\n","protected":false},"excerpt":{"rendered":"<p>Testing display of HTML elements This is 2nd level heading This is a test paragraph. This is 3rd level heading This is a test paragraph. This is 4th level heading This is a test paragraph. This is 5th level heading This is a test paragraph. This is 6th level heading This is a test paragraph. [&hellip;]<\/p>\n","protected":false},"author":2,"featured_media":0,"parent":0,"menu_order":0,"comment_status":"closed","ping_status":"closed","template":"","meta":{"_acf_changed":false,"footnotes":""},"class_list":["post-5312","page","type-page","status-publish","hentry"],"acf":[],"yoast_head":"<!-- This site is optimized with the Yoast SEO plugin v27.3 - https:\/\/yoast.com\/product\/yoast-seo-wordpress\/ -->\n<title>Local Logic | Intelligence G\u00e9ospatiale<\/title>\n<meta name=\"description\" content=\"Local Logic fournit une technologie de pointe en mati\u00e8re d&#039;intelligence de localisation. Depuis 2015, nous aidons le secteur immobilier \u00e0 prendre de meilleures d\u00e9cisions.\" \/>\n<meta name=\"robots\" content=\"index, follow, max-snippet:-1, max-image-preview:large, max-video-preview:-1\" \/>\n<link rel=\"canonical\" href=\"https:\/\/locallogic.co\/fr\/data\/\" \/>\n<meta property=\"og:locale\" content=\"fr_FR\" \/>\n<meta property=\"og:type\" content=\"article\" \/>\n<meta property=\"og:title\" content=\"Local Logic | Intelligence G\u00e9ospatiale\" \/>\n<meta property=\"og:description\" content=\"Local Logic fournit une technologie de pointe en mati\u00e8re d&#039;intelligence de localisation. Depuis 2015, nous aidons le secteur immobilier \u00e0 prendre de meilleures d\u00e9cisions.\" \/>\n<meta property=\"og:url\" content=\"https:\/\/locallogic.co\/fr\/wp-json\/wp\/v2\/pages\/5312\" \/>\n<meta property=\"og:site_name\" content=\"Local Logic\" \/>\n<meta property=\"article:publisher\" content=\"https:\/\/www.facebook.com\/locallogic\" \/>\n<meta property=\"article:modified_time\" content=\"2025-08-20T17:02:57+00:00\" \/>\n<meta property=\"og:image\" content=\"https:\/\/locallogic.co\/wp-content\/uploads\/2024\/08\/Website-fallback.png\" \/>\n\t<meta property=\"og:image:width\" content=\"1200\" \/>\n\t<meta property=\"og:image:height\" content=\"675\" \/>\n\t<meta property=\"og:image:type\" content=\"image\/png\" \/>\n<meta name=\"twitter:card\" content=\"summary_large_image\" \/>\n<meta name=\"twitter:site\" content=\"@local_logic\" \/>\n<meta name=\"twitter:label1\" content=\"Dur\u00e9e de lecture estim\u00e9e\" \/>\n\t<meta name=\"twitter:data1\" content=\"3 minutes\" \/>\n<script type=\"application\/ld+json\" class=\"yoast-schema-graph\">{\"@context\":\"https:\\\/\\\/schema.org\",\"@graph\":[{\"@type\":\"WebPage\",\"@id\":\"https:\\\/\\\/locallogic.co\\\/fr\\\/data\\\/\",\"url\":\"https:\\\/\\\/locallogic.co\\\/fr\\\/data\\\/\",\"name\":\"Local Logic | Intelligence G\u00e9ospatiale\",\"isPartOf\":{\"@id\":\"https:\\\/\\\/locallogic.co\\\/fr\\\/#website\"},\"datePublished\":\"2025-06-02T07:09:10+00:00\",\"dateModified\":\"2025-08-20T17:02:57+00:00\",\"description\":\"Local Logic fournit une technologie de pointe en mati\u00e8re d'intelligence de localisation. Depuis 2015, nous aidons le secteur immobilier \u00e0 prendre de meilleures d\u00e9cisions.\",\"breadcrumb\":{\"@id\":\"https:\\\/\\\/locallogic.co\\\/fr\\\/data\\\/#breadcrumb\"},\"inLanguage\":\"fr-FR\",\"potentialAction\":[{\"@type\":\"ReadAction\",\"target\":[\"https:\\\/\\\/locallogic.co\\\/fr\\\/data\\\/\"]}]},{\"@type\":\"BreadcrumbList\",\"@id\":\"https:\\\/\\\/locallogic.co\\\/fr\\\/data\\\/#breadcrumb\",\"itemListElement\":[{\"@type\":\"ListItem\",\"position\":1,\"name\":\"Home\",\"item\":\"https:\\\/\\\/locallogic.co\\\/fr\\\/\"},{\"@type\":\"ListItem\",\"position\":2,\"name\":\"Home Data &#8211; FR\"}]},{\"@type\":\"WebSite\",\"@id\":\"https:\\\/\\\/locallogic.co\\\/fr\\\/#website\",\"url\":\"https:\\\/\\\/locallogic.co\\\/fr\\\/\",\"name\":\"Local Logic\",\"description\":\"Location intelligence that improves real estate decisions.\",\"publisher\":{\"@id\":\"https:\\\/\\\/locallogic.co\\\/fr\\\/#organization\"},\"potentialAction\":[{\"@type\":\"SearchAction\",\"target\":{\"@type\":\"EntryPoint\",\"urlTemplate\":\"https:\\\/\\\/locallogic.co\\\/fr\\\/?s={search_term_string}\"},\"query-input\":{\"@type\":\"PropertyValueSpecification\",\"valueRequired\":true,\"valueName\":\"search_term_string\"}}],\"inLanguage\":\"fr-FR\"},{\"@type\":\"Organization\",\"@id\":\"https:\\\/\\\/locallogic.co\\\/fr\\\/#organization\",\"name\":\"Local Logic\",\"url\":\"https:\\\/\\\/locallogic.co\\\/fr\\\/\",\"logo\":{\"@type\":\"ImageObject\",\"inLanguage\":\"fr-FR\",\"@id\":\"https:\\\/\\\/locallogic.co\\\/fr\\\/#\\\/schema\\\/logo\\\/image\\\/\",\"url\":\"https:\\\/\\\/locallogic.co\\\/wp-content\\\/uploads\\\/2024\\\/06\\\/cropped-local-logic-favicon-512.png\",\"contentUrl\":\"https:\\\/\\\/locallogic.co\\\/wp-content\\\/uploads\\\/2024\\\/06\\\/cropped-local-logic-favicon-512.png\",\"width\":512,\"height\":512,\"caption\":\"Local Logic\"},\"image\":{\"@id\":\"https:\\\/\\\/locallogic.co\\\/fr\\\/#\\\/schema\\\/logo\\\/image\\\/\"},\"sameAs\":[\"https:\\\/\\\/www.facebook.com\\\/locallogic\",\"https:\\\/\\\/x.com\\\/local_logic\",\"https:\\\/\\\/www.linkedin.com\\\/company\\\/local-logic-inc-\\\/\",\"https:\\\/\\\/www.youtube.com\\\/channel\\\/UCY0xlqEgqDbQq8X2nfshn9w\"]}]}<\/script>\n<!-- \/ Yoast SEO plugin. -->","yoast_head_json":{"title":"Local Logic | Intelligence G\u00e9ospatiale","description":"Local Logic fournit une technologie de pointe en mati\u00e8re d'intelligence de localisation. Depuis 2015, nous aidons le secteur immobilier \u00e0 prendre de meilleures d\u00e9cisions.","robots":{"index":"index","follow":"follow","max-snippet":"max-snippet:-1","max-image-preview":"max-image-preview:large","max-video-preview":"max-video-preview:-1"},"canonical":"https:\/\/locallogic.co\/fr\/data\/","og_locale":"fr_FR","og_type":"article","og_title":"Local Logic | Intelligence G\u00e9ospatiale","og_description":"Local Logic fournit une technologie de pointe en mati\u00e8re d'intelligence de localisation. Depuis 2015, nous aidons le secteur immobilier \u00e0 prendre de meilleures d\u00e9cisions.","og_url":"https:\/\/locallogic.co\/fr\/wp-json\/wp\/v2\/pages\/5312","og_site_name":"Local Logic","article_publisher":"https:\/\/www.facebook.com\/locallogic","article_modified_time":"2025-08-20T17:02:57+00:00","og_image":[{"width":1200,"height":675,"url":"https:\/\/locallogic.co\/wp-content\/uploads\/2024\/08\/Website-fallback.png","type":"image\/png"}],"twitter_card":"summary_large_image","twitter_site":"@local_logic","twitter_misc":{"Dur\u00e9e de lecture estim\u00e9e":"3 minutes"},"schema":{"@context":"https:\/\/schema.org","@graph":[{"@type":"WebPage","@id":"https:\/\/locallogic.co\/fr\/data\/","url":"https:\/\/locallogic.co\/fr\/data\/","name":"Local Logic | Intelligence G\u00e9ospatiale","isPartOf":{"@id":"https:\/\/locallogic.co\/fr\/#website"},"datePublished":"2025-06-02T07:09:10+00:00","dateModified":"2025-08-20T17:02:57+00:00","description":"Local Logic fournit une technologie de pointe en mati\u00e8re d'intelligence de localisation. Depuis 2015, nous aidons le secteur immobilier \u00e0 prendre de meilleures d\u00e9cisions.","breadcrumb":{"@id":"https:\/\/locallogic.co\/fr\/data\/#breadcrumb"},"inLanguage":"fr-FR","potentialAction":[{"@type":"ReadAction","target":["https:\/\/locallogic.co\/fr\/data\/"]}]},{"@type":"BreadcrumbList","@id":"https:\/\/locallogic.co\/fr\/data\/#breadcrumb","itemListElement":[{"@type":"ListItem","position":1,"name":"Home","item":"https:\/\/locallogic.co\/fr\/"},{"@type":"ListItem","position":2,"name":"Home Data &#8211; FR"}]},{"@type":"WebSite","@id":"https:\/\/locallogic.co\/fr\/#website","url":"https:\/\/locallogic.co\/fr\/","name":"Local Logic","description":"Location intelligence that improves real estate decisions.","publisher":{"@id":"https:\/\/locallogic.co\/fr\/#organization"},"potentialAction":[{"@type":"SearchAction","target":{"@type":"EntryPoint","urlTemplate":"https:\/\/locallogic.co\/fr\/?s={search_term_string}"},"query-input":{"@type":"PropertyValueSpecification","valueRequired":true,"valueName":"search_term_string"}}],"inLanguage":"fr-FR"},{"@type":"Organization","@id":"https:\/\/locallogic.co\/fr\/#organization","name":"Local Logic","url":"https:\/\/locallogic.co\/fr\/","logo":{"@type":"ImageObject","inLanguage":"fr-FR","@id":"https:\/\/locallogic.co\/fr\/#\/schema\/logo\/image\/","url":"https:\/\/locallogic.co\/wp-content\/uploads\/2024\/06\/cropped-local-logic-favicon-512.png","contentUrl":"https:\/\/locallogic.co\/wp-content\/uploads\/2024\/06\/cropped-local-logic-favicon-512.png","width":512,"height":512,"caption":"Local Logic"},"image":{"@id":"https:\/\/locallogic.co\/fr\/#\/schema\/logo\/image\/"},"sameAs":["https:\/\/www.facebook.com\/locallogic","https:\/\/x.com\/local_logic","https:\/\/www.linkedin.com\/company\/local-logic-inc-\/","https:\/\/www.youtube.com\/channel\/UCY0xlqEgqDbQq8X2nfshn9w"]}]}},"_links":{"self":[{"href":"https:\/\/locallogic.co\/fr\/wp-json\/wp\/v2\/pages\/5312","targetHints":{"allow":["GET"]}}],"collection":[{"href":"https:\/\/locallogic.co\/fr\/wp-json\/wp\/v2\/pages"}],"about":[{"href":"https:\/\/locallogic.co\/fr\/wp-json\/wp\/v2\/types\/page"}],"author":[{"embeddable":true,"href":"https:\/\/locallogic.co\/fr\/wp-json\/wp\/v2\/users\/2"}],"replies":[{"embeddable":true,"href":"https:\/\/locallogic.co\/fr\/wp-json\/wp\/v2\/comments?post=5312"}],"version-history":[{"count":0,"href":"https:\/\/locallogic.co\/fr\/wp-json\/wp\/v2\/pages\/5312\/revisions"}],"wp:attachment":[{"href":"https:\/\/locallogic.co\/fr\/wp-json\/wp\/v2\/media?parent=5312"}],"curies":[{"name":"wp","href":"https:\/\/api.w.org\/{rel}","templated":true}]}}